{"id":4203,"date":"2024-01-15T11:48:54","date_gmt":"2024-01-15T09:48:54","guid":{"rendered":"https:\/\/indic.cat\/?page_id=4203"},"modified":"2024-09-04T11:29:21","modified_gmt":"2024-09-04T09:29:21","slug":"aviso-legal","status":"publish","type":"page","link":"https:\/\/indic.cat\/es\/aviso-legal\/","title":{"rendered":"Aviso legal"},"content":{"rendered":"<div class=\"titular1C\">\n<h4 style=\"text-align: center;\">LEY DE LOS SERVICIOS DE LA SOCIEDAD DE LA INFORMACI\u00d3N (LSSI)<\/h4>\n<p>&nbsp;<\/p>\n<p>INDIC INICIATIVES I DINAMIQUES COMUNITARIES SL, responsable del sitio web, en adelante el RESPONSABLE, pone a disposici\u00f3n de los usuarios este documento, con el que pretende hacer cumplir las obligaciones que establece la Ley 34\/2002, de 11 de julio, de Servicios de la Sociedad de la Informaci\u00f3n y de Comercio Electr\u00f3nico (LSSICE), BOE N.\u00ba166, as\u00ed como informar a todos los usuarios del sitio web sobre cu\u00e1les son las condiciones de uso.<\/p>\n<p>Cualquier persona que acceda a este sitio web asume el papel de usuario y se compromete a la observancia y cumplimiento riguroso de las disposiciones que se establecen, as\u00ed como a cualquier otra disposici\u00f3n legal se le aplique.<\/p>\n<p>INDIC INICIATIVES I DINAMIQUES COMUNITARIES SL se reserva el derecho de modificar cualquier tipo de informaci\u00f3n que pueda aparecer en el sitio web, sin la obligaci\u00f3n de preavisar o enterar a los usuarios de estas obligaciones, dado que se considera suficiente la publicaci\u00f3n en el sitio web de INDIC INICIATIVES I DINAMIQUES COMUNITARIES SL.<\/p>\n<p>&nbsp;<\/p>\n<p><strong>1. DATOS IDENTIFICADORES<\/strong><\/p>\n<p>Nombre del dominio: indic.cat<\/p>\n<p>Nombre comercial: INDIC iniciatives y din\u00e1miques comunit\u00e0ries<\/p>\n<p>Denominaci\u00f3n social: INDIC INICIATIVES I DINAMIQUES COMUNITARIES SL<\/p>\n<p>NIF: B63912026<\/p>\n<p>Domicilio social: Ronda Guinard\u00f3 164 Bajos, 08041 BARCELONA (BARCELONA)<\/p>\n<p>Tel\u00e9fono: 934569777<\/p>\n<p>E-mail: indic@indic.cat<\/p>\n<p>Registro Mercantil de Barcelona en el volumen 37751, folio 0106, hoja B310961, inscripci\u00f3n 1a &#8211; 29-06-2005.<\/p>\n<p>&nbsp;<\/p>\n<p><strong>2. DERECHOS DE PROPIEDAD INTELECTUAL E INDUSTRIAL<\/strong><\/p>\n<p>El sitio web, incluyendo a t\u00edtulo enunciativo pero no limitativo su programaci\u00f3n, edici\u00f3n, compilaci\u00f3n y otros elementos necesarios para su funcionamiento, los dise\u00f1os, logotipos, texto y\/o gr\u00e1ficos, son propiedad del RESPONSABLE o, en su caso, dispone de licencia o autorizaci\u00f3n expresa por parte de los autores. Todos los contenidos del sitio web se encuentran debidamente protegidos por la normativa de propiedad intelectual e industrial, as\u00ed como inscritos en los registros p\u00fablicos correspondientes.<\/p>\n<p>Independientemente de la finalidad para la que fuesen destinados, la reproducci\u00f3n total o parcial, uso, explotaci\u00f3n, distribuci\u00f3n y comercializaci\u00f3n, requiere en todo caso la autorizaci\u00f3n escrita previa por parte del RESPONSABLE. Cualquier uso no autorizado previamente se considerar\u00e1 un incumplimiento grave de los derechos de propiedad intelectual o industrial del autor.<\/p>\n<p>Los dise\u00f1os, logotipos, texto y\/o gr\u00e1ficos ajenos al RESPONSABLE y que puedan aparecer en el sitio web, pertenecen a sus respectivos propietarios, quienes son responsables de cualquier posible controversia que pueda desprenderse. El RESPONSABLE autoriza expresamente a que terceros puedan redirigir directamente a los contenidos concretos del sitio web, y en todo caso redirigir al sitio web principal de indic.cat.<\/p>\n<p>El RESPONSABLE reconoce a favor de sus titulares los correspondientes derechos de propiedad intelectual e industrial, sin implicar su sola menci\u00f3n o aparici\u00f3n en el sitio web la existencia de derechos o responsabilidad sobre \u00e9stos, ni el apoyo, patrocinio o recomendaci\u00f3n por parte del RESPONSABLE.<\/p>\n<p>Para efectuar cualquier tipo de observaci\u00f3n en cuanto a posibles incumplimientos de los derechos de propiedad intelectual o industrial, as\u00ed como sobre cualquiera de los contenidos del sitio web, puede hacerlo a trav\u00e9s del correo electr\u00f3nico indic@indic.cat.<\/p>\n<p>&nbsp;<\/p>\n<p><strong>3. EXENCI\u00d3N DE RESPONSABILIDADES<\/strong><\/p>\n<p>El RESPONSABLE se exime de cualquier tipo de responsabilidad derivada de la informaci\u00f3n publicada en su sitio web siempre que no tenga conocimiento efectivo de que esta informaci\u00f3n haya sido manipulada o introducida por un tercero ajeno a la misma o, si lo tiene, haya actuado con diligencia para retirar los datos o hacer imposible el acceso a ellos.<\/p>\n<p><strong>Uso de Cookies<\/strong><\/p>\n<p>Puede que este sitio web utilice cookies t\u00e9cnicas (peque\u00f1os archivos de informaci\u00f3n que el servidor env\u00eda al ordenador de quien accede a la p\u00e1gina) para llevar a cabo determinadas funciones que se consideran imprescindibles para el correcto funcionamiento y visualizaci\u00f3n de la web. Las cookies utilizadas tienen, en cualquier caso, car\u00e1cter temporal, con la \u00fanica finalidad de hacer que la navegaci\u00f3n sea m\u00e1s eficiente, desapareciendo al finalizar la sesi\u00f3n del usuario. En ning\u00fan caso, estas cookies proporcionan por s\u00ed mismos datos de car\u00e1cter personal y no se utilizar\u00e1n para recoger datos de este tipo.<\/p>\n<p>Mediante el uso de cookies tambi\u00e9n es posible que el servidor donde se encuentra la web reconozca el navegador que utiliza el usuario, con el fin de que la navegaci\u00f3n sea m\u00e1s sencilla, permitiendo, por ejemplo, el acceso de los usuarios que se hayan registrado previamente en las \u00e1reas, servicios, promociones o concursos reservados exclusivamente a ellos sin tener que registrarse en cada visita. Tambi\u00e9n se pueden utilizar para medir la audiencia, par\u00e1metros de tr\u00e1fico, controlar el progreso y el n\u00famero de entradas, etc. En estos casos, las cookies son prescindibles t\u00e9cnicamente pero beneficiosas para el usuario. Este sitio web no instalar\u00e1 cookies prescindibles sin el consentimiento previo del usuario.<\/p>\n<p>El usuario tiene la posibilidad de configurar su navegador para ser alertado de la recepci\u00f3n de cookies y para impedir su instalaci\u00f3n en su equipo. Por favor, consulte las instrucciones de su navegador para ampliar esta informaci\u00f3n.<\/p>\n<p><strong>Pol\u00edtica de enlaces<\/strong><\/p>\n<p>Desde el sitio web, es posible que se redirija a contenidos de terceros sitios web. Dado que el RESPONSABLE no puede controlar siempre los contenidos introducidos por terceros en sus respectivos sitios web, no asume ning\u00fan tipo de responsabilidad respecto a estos contenidos. En cualquier caso, retirar\u00e1 inmediatamente cualquier contenido que pueda transgredir la legislaci\u00f3n nacional o internacional, la moral o el orden p\u00fablico, retirando inmediatamente la redirecci\u00f3n a este sitio web y enterando a las autoridades competentes del contenido en cuesti\u00f3n.<\/p>\n<p>El RESPONSABLE no se hace responsable de la informaci\u00f3n y contenidos almacenados, a t\u00edtulo enunciativo pero no limitativo, en foros, chats, generadores de blogs, comentarios, redes sociales o cualquier otro medio que permita a terceros publicar contenidos de forma independiente en la p\u00e1gina web del RESPONSABLE. No obstante, y en cumplimiento de lo establecido en los art\u00edculos 11 y 16 de la LSSICE, se pone a disposici\u00f3n de todos los usuarios, autoridades y fuerzas de seguridad que colaboren de forma activa en la retirada o, en su caso, bloqueo de todos los contenidos que puedan afectar o transgredir a la legislaci\u00f3n nacional o internacional, los derechos de terceros o la moral y el orden p\u00fablico. En caso de que el usuario considere que el sitio web contiene material que pueda ser susceptible de esta clasificaci\u00f3n, le rogamos que lo notifique inmediatamente al administrador del sitio web.<\/p>\n<p>Este sitio web se ha revisado y probado para que funcione correctamente. En principio, puede garantizarse que funcionar\u00e1 correctamente los 365 d\u00edas del a\u00f1o y las 24 horas al d\u00eda. No obstante, el RESPONSABLE no descarta la posibilidad de que se produzcan errores de programaci\u00f3n, o de que ocurran causas de fuerza mayor, cat\u00e1strofes naturales, huelgas o circunstancias similares que hagan imposible el acceso a la p\u00e1gina web.<\/p>\n<p><strong>Direcciones IP<\/strong><\/p>\n<p>Los servidores del sitio web podr\u00e1n detectar autom\u00e1ticamente la direcci\u00f3n IP y el nombre del dominio utilizados por el usuario. Una direcci\u00f3n IP es un n\u00famero asignado autom\u00e1ticamente a un ordenador en cuanto se conecta a Internet. Toda esta informaci\u00f3n queda registrada en un archivo de actividad del servidor que permite procesar los datos posteriormente para obtener mediciones \u00fanicamente estad\u00edsticas que permitan conocer el n\u00famero de impresiones de p\u00e1ginas, el n\u00famero de visitas efectuadas a los servidores web, el orden de visitas, el punto de acceso, etc.<\/p>\n<p>&nbsp;<\/p>\n<p><strong>4. LEY APLICABLE Y JURISDICCI\u00d3N<\/strong><\/p>\n<p>Para la resoluci\u00f3n de todas las controversias o cuestiones relacionadas con este sitio web o de las actividades que se llevan a cabo, se aplicar\u00e1 la legislaci\u00f3n espa\u00f1ola, a la que se someten expresamente las partes, los cuales tendr\u00e1n competencia suficiente para la resoluci\u00f3n de todos los conflictos derivados o relacionados con su uso por los Juzgados y Tribunales del domicilio del USUARIO o el lugar de cumplimiento de la obligaci\u00f3n.<\/p>\n<\/div>\n","protected":false},"excerpt":{"rendered":"<p>LEY DE LOS SERVICIOS DE LA SOCIEDAD DE LA INFORMACI\u00d3N (LSSI) &nbsp; INDIC INICIATIVES I DINAMIQUES COMUNITARIES SL, responsable del sitio web, en adelante el RESPONSABLE, pone a disposici\u00f3n de los usuarios este documento, con el que pretende hacer cumplir las obligaciones que establece la Ley 34\/2002, de 11 de julio, de Servicios de la [&hellip;]<\/p>\n","protected":false},"author":3,"featured_media":0,"parent":0,"menu_order":0,"comment_status":"closed","ping_status":"closed","template":"","meta":{"_acf_changed":false,"footnotes":""},"class_list":["post-4203","page","type-page","status-publish","hentry"],"acf":[],"yoast_head":"<!-- This site is optimized with the Yoast SEO plugin v27.3 - https:\/\/yoast.com\/product\/yoast-seo-wordpress\/ -->\n<title>Aviso legal - My CMS<\/title>\n<meta name=\"description\" content=\"Aviso Legal - Indic\" \/>\n<meta name=\"robots\" content=\"index, follow, max-snippet:-1, max-image-preview:large, max-video-preview:-1\" \/>\n<link rel=\"canonical\" href=\"https:\/\/indic.cat\/es\/aviso-legal\/\" \/>\n<meta property=\"og:locale\" content=\"es_ES\" \/>\n<meta property=\"og:type\" content=\"article\" \/>\n<meta property=\"og:title\" content=\"Aviso legal - My CMS\" \/>\n<meta property=\"og:description\" content=\"Aviso Legal - Indic\" \/>\n<meta property=\"og:url\" content=\"https:\/\/indic.cat\/es\/aviso-legal\/\" \/>\n<meta property=\"og:site_name\" content=\"My CMS\" \/>\n<meta property=\"article:publisher\" content=\"https:\/\/www.facebook.com\/Indic-Iniciatives-i-Din%c3%a0miques-Comunit%c3%a0ries-362170033806658\/\" \/>\n<meta property=\"article:modified_time\" content=\"2024-09-04T09:29:21+00:00\" \/>\n<meta name=\"twitter:card\" content=\"summary_large_image\" \/>\n<meta name=\"twitter:site\" content=\"@IndicSL\" \/>\n<meta name=\"twitter:label1\" content=\"Tiempo de lectura\" \/>\n\t<meta name=\"twitter:data1\" content=\"7 minutos\" \/>\n<script type=\"application\/ld+json\" class=\"yoast-schema-graph\">{\"@context\":\"https:\\\/\\\/schema.org\",\"@graph\":[{\"@type\":\"WebPage\",\"@id\":\"https:\\\/\\\/indic.cat\\\/es\\\/aviso-legal\\\/\",\"url\":\"https:\\\/\\\/indic.cat\\\/es\\\/aviso-legal\\\/\",\"name\":\"Aviso legal - My CMS\",\"isPartOf\":{\"@id\":\"https:\\\/\\\/indic.cat\\\/#website\"},\"datePublished\":\"2024-01-15T09:48:54+00:00\",\"dateModified\":\"2024-09-04T09:29:21+00:00\",\"description\":\"Aviso Legal - Indic\",\"breadcrumb\":{\"@id\":\"https:\\\/\\\/indic.cat\\\/es\\\/aviso-legal\\\/#breadcrumb\"},\"inLanguage\":\"es\",\"potentialAction\":[{\"@type\":\"ReadAction\",\"target\":[\"https:\\\/\\\/indic.cat\\\/es\\\/aviso-legal\\\/\"]}]},{\"@type\":\"BreadcrumbList\",\"@id\":\"https:\\\/\\\/indic.cat\\\/es\\\/aviso-legal\\\/#breadcrumb\",\"itemListElement\":[{\"@type\":\"ListItem\",\"position\":1,\"name\":\"Inici\",\"item\":\"https:\\\/\\\/indic.cat\\\/es\\\/iniciativas-y-dinamicas-comunitarias\\\/\"},{\"@type\":\"ListItem\",\"position\":2,\"name\":\"Aviso legal\"}]},{\"@type\":\"WebSite\",\"@id\":\"https:\\\/\\\/indic.cat\\\/#website\",\"url\":\"https:\\\/\\\/indic.cat\\\/\",\"name\":\"My CMS\",\"description\":\"Iniciatives i din\u00e0miques comunit\u00e0ries\",\"potentialAction\":[{\"@type\":\"SearchAction\",\"target\":{\"@type\":\"EntryPoint\",\"urlTemplate\":\"https:\\\/\\\/indic.cat\\\/?s={search_term_string}\"},\"query-input\":{\"@type\":\"PropertyValueSpecification\",\"valueRequired\":true,\"valueName\":\"search_term_string\"}}],\"inLanguage\":\"es\"}]}<\/script>\n<!-- \/ Yoast SEO plugin. -->","yoast_head_json":{"title":"Aviso legal - My CMS","description":"Aviso Legal - Indic","robots":{"index":"index","follow":"follow","max-snippet":"max-snippet:-1","max-image-preview":"max-image-preview:large","max-video-preview":"max-video-preview:-1"},"canonical":"https:\/\/indic.cat\/es\/aviso-legal\/","og_locale":"es_ES","og_type":"article","og_title":"Aviso legal - My CMS","og_description":"Aviso Legal - Indic","og_url":"https:\/\/indic.cat\/es\/aviso-legal\/","og_site_name":"My CMS","article_publisher":"https:\/\/www.facebook.com\/Indic-Iniciatives-i-Din%c3%a0miques-Comunit%c3%a0ries-362170033806658\/","article_modified_time":"2024-09-04T09:29:21+00:00","twitter_card":"summary_large_image","twitter_site":"@IndicSL","twitter_misc":{"Tiempo de lectura":"7 minutos"},"schema":{"@context":"https:\/\/schema.org","@graph":[{"@type":"WebPage","@id":"https:\/\/indic.cat\/es\/aviso-legal\/","url":"https:\/\/indic.cat\/es\/aviso-legal\/","name":"Aviso legal - My CMS","isPartOf":{"@id":"https:\/\/indic.cat\/#website"},"datePublished":"2024-01-15T09:48:54+00:00","dateModified":"2024-09-04T09:29:21+00:00","description":"Aviso Legal - Indic","breadcrumb":{"@id":"https:\/\/indic.cat\/es\/aviso-legal\/#breadcrumb"},"inLanguage":"es","potentialAction":[{"@type":"ReadAction","target":["https:\/\/indic.cat\/es\/aviso-legal\/"]}]},{"@type":"BreadcrumbList","@id":"https:\/\/indic.cat\/es\/aviso-legal\/#breadcrumb","itemListElement":[{"@type":"ListItem","position":1,"name":"Inici","item":"https:\/\/indic.cat\/es\/iniciativas-y-dinamicas-comunitarias\/"},{"@type":"ListItem","position":2,"name":"Aviso legal"}]},{"@type":"WebSite","@id":"https:\/\/indic.cat\/#website","url":"https:\/\/indic.cat\/","name":"My CMS","description":"Iniciatives i din\u00e0miques comunit\u00e0ries","potentialAction":[{"@type":"SearchAction","target":{"@type":"EntryPoint","urlTemplate":"https:\/\/indic.cat\/?s={search_term_string}"},"query-input":{"@type":"PropertyValueSpecification","valueRequired":true,"valueName":"search_term_string"}}],"inLanguage":"es"}]}},"_links":{"self":[{"href":"https:\/\/indic.cat\/es\/wp-json\/wp\/v2\/pages\/4203","targetHints":{"allow":["GET"]}}],"collection":[{"href":"https:\/\/indic.cat\/es\/wp-json\/wp\/v2\/pages"}],"about":[{"href":"https:\/\/indic.cat\/es\/wp-json\/wp\/v2\/types\/page"}],"author":[{"embeddable":true,"href":"https:\/\/indic.cat\/es\/wp-json\/wp\/v2\/users\/3"}],"replies":[{"embeddable":true,"href":"https:\/\/indic.cat\/es\/wp-json\/wp\/v2\/comments?post=4203"}],"version-history":[{"count":5,"href":"https:\/\/indic.cat\/es\/wp-json\/wp\/v2\/pages\/4203\/revisions"}],"predecessor-version":[{"id":5832,"href":"https:\/\/indic.cat\/es\/wp-json\/wp\/v2\/pages\/4203\/revisions\/5832"}],"wp:attachment":[{"href":"https:\/\/indic.cat\/es\/wp-json\/wp\/v2\/media?parent=4203"}],"curies":[{"name":"wp","href":"https:\/\/api.w.org\/{rel}","templated":true}]}}