{"id":4205,"date":"2024-01-15T11:53:02","date_gmt":"2024-01-15T09:53:02","guid":{"rendered":"https:\/\/indic.cat\/?page_id=4205"},"modified":"2024-09-04T11:36:36","modified_gmt":"2024-09-04T09:36:36","slug":"politica-de-cookies","status":"publish","type":"page","link":"https:\/\/indic.cat\/es\/politica-de-cookies\/","title":{"rendered":"Pol\u00edtica de cookies"},"content":{"rendered":"<p>Esta web utiliza cookies de terceros para analizar la navegaci\u00f3n del usuario. Con la mera navegaci\u00f3n (con el navegador habilitado para aceptar cookies), el usuario acepta la instalaci\u00f3n de cookies, salvo que se oponga, seg\u00fan se detalla en esta Pol\u00edtica de Galletas.<\/p>\n<p>La presente pol\u00edtica tiene como finalidad informar de manera clara y concisa sobre las cookies que se usan en nuestro sitio web.<\/p>\n<p>Qu\u00e9 es una *cookie?<\/p>\n<p>Una *cookie es un fichero que se descarga al ordenador \/ *Smartphone \/ *tablet del usuario al acceder a determinadas p\u00e1ginas web para almacenar y recuperar informaci\u00f3n sobre la navegaci\u00f3n que se efect\u00faa desde este equipo.<\/p>\n<p>Cookies utilizadas<\/p>\n<p>Esta web utiliza cookies anal\u00edticas de terceros (Google *Analytics) para pedir estad\u00edsticas sobre la actividad del usuario al visitar la p\u00e1gina y la actividad general de la misma. La informaci\u00f3n recopilada es an\u00f3nima y permite optimizar la navegaci\u00f3n por nuestra web. Gracias a esto podemos estudiar la navegaci\u00f3n por el sitio web y mejorar as\u00ed la oferta de productos o servicios que ofrecemos.<\/p>\n<p>Configuraci\u00f3n de cookies<\/p>\n<p>En todo momento puede permitir, bloquear o eliminar las cookies instaladas en su equipo mediante la configuraci\u00f3n de las opciones de su navegador de Internet. As\u00ed mismo el usuario puede activar:<\/p>\n<p>La navegaci\u00f3n privada, mediante la cual su navegador deja de actuar en el historial de navegaci\u00f3n, contrase\u00f1as de sitios web, galletas y otra informaci\u00f3n de las p\u00e1ginas que visita, o<br \/>\nLa funci\u00f3n de no rastrear, por la cual el navegador pide a los sitios web que visita no rastreen sus h\u00e1bitos de navegaci\u00f3n, por ahora, servir publicidad de su inter\u00e9s en los lugares que visita.<\/p>\n<p>A continuaci\u00f3n incluimos los v\u00ednculos para gestionar galletas en los navegadores m\u00e1s relevantes:<\/p>\n<p>Google Chrome: https:\/\/support.google.com\/chrome\/answer\/95647?hl=es<br \/>\n*Mozilla Firefox: http:\/\/support.mozilla.org\/es\/kb\/habilitar-y-deshabilitar-cookies-que-los-sitios-we<br \/>\nInternet Explorer: http:\/\/windows.microsoft.com\/es-es\/windows-vista\/block-or-allow-cookies<br \/>\nSafari: http:\/\/support.apple.com\/kb\/ph5042<\/p>\n<p>Tenga en cuenta que si rechaza la instalaci\u00f3n de cookies podr\u00e1 seguir utilizando el sitio web aunque algunos servicios estar\u00e1n limitados.<\/p>\n<p>Descripci\u00f3n t\u00e9cnica de cookies *utilitzadess<\/p>\n<table class=\"taulaCookies\" style=\"font-size: 12px;\" border=\"0\" cellspacing=\"0\" cellpadding=\"5\">\n<tbody>\n<tr>\n<td class=\"tit\" style=\"width: 60px;\">Nombre<\/td>\n<td class=\"tit\" style=\"width: 60px;\">Titular<\/td>\n<td class=\"tit\" style=\"width: 220px;\">Duracion<\/td>\n<td class=\"tit\" style=\"width: 580px;\">Finalidad<\/td>\n<\/tr>\n<tr>\n<td>wordpress_test_cookie<\/td>\n<td>WordPress<\/td>\n<td>Session<\/td>\n<td>Esta galleta se usa para que el gestor de contenidos WordPress compruebe si el navegador tiene las galletas activadas.<\/td>\n<\/tr>\n<tr>\n<td>_icl_current_language<\/td>\n<td>WordPress (WPML)<\/td>\n<td>1 a\u00f1o<\/td>\n<td>Identifica el idioma por defecto del usuario<\/td>\n<\/tr>\n<tr>\n<td>_icl_visitor_lang_js<\/td>\n<td>WordPress (WPML)<\/td>\n<td>1 dia<\/td>\n<td>Esta cookie responde al conector multidioma WPML y es la responsable de identificar el idioma del navegador del usuario para determinar el idioma a mostrar del web.<\/td>\n<\/tr>\n<tr>\n<td>wpml_browser_redirect_test<\/td>\n<td>WordPress (WPML)<\/td>\n<td>1 dia<\/td>\n<td>Nos permite identificar el idioma del usuario a fin de mostrarle la p\u00e1gina web en el idioma correcto.<\/td>\n<\/tr>\n<\/tbody>\n<\/table>\n<p style=\"margin-top: 40px;\">Informaci\u00f3n de cookies utilizadas extra\u00edda de:<\/p>\n<p style=\"margin-bottom: 40px;\"><a href=\"https:\/\/developers.google.com\/analytics\/devguides\/collection\/analyticsjs\/cookie-usage#gajs\">https:\/\/developers.google.com\/analytics\/devguides\/collection\/analyticsjs\/cookie-usage#gajs<\/a><\/p>\n","protected":false},"excerpt":{"rendered":"<p>Esta web utiliza cookies de terceros para analizar la navegaci\u00f3n del usuario. Con la mera navegaci\u00f3n (con el navegador habilitado para aceptar cookies), el usuario acepta la instalaci\u00f3n de cookies, salvo que se oponga, seg\u00fan se detalla en esta Pol\u00edtica de Galletas. La presente pol\u00edtica tiene como finalidad informar de manera clara y concisa sobre [&hellip;]<\/p>\n","protected":false},"author":3,"featured_media":0,"parent":0,"menu_order":0,"comment_status":"closed","ping_status":"closed","template":"","meta":{"_acf_changed":false,"footnotes":""},"class_list":["post-4205","page","type-page","status-publish","hentry"],"acf":[],"yoast_head":"<!-- This site is optimized with the Yoast SEO plugin v27.3 - https:\/\/yoast.com\/product\/yoast-seo-wordpress\/ -->\n<title>Pol\u00edtica de cookies - My CMS<\/title>\n<meta name=\"description\" content=\"Pol\u00edtica de cookies - Indic\" \/>\n<meta name=\"robots\" content=\"index, follow, max-snippet:-1, max-image-preview:large, max-video-preview:-1\" \/>\n<link rel=\"canonical\" href=\"https:\/\/indic.cat\/es\/politica-de-cookies\/\" \/>\n<meta property=\"og:locale\" content=\"es_ES\" \/>\n<meta property=\"og:type\" content=\"article\" \/>\n<meta property=\"og:title\" content=\"Pol\u00edtica de cookies - My CMS\" \/>\n<meta property=\"og:description\" content=\"Pol\u00edtica de cookies - Indic\" \/>\n<meta property=\"og:url\" content=\"https:\/\/indic.cat\/es\/politica-de-cookies\/\" \/>\n<meta property=\"og:site_name\" content=\"My CMS\" \/>\n<meta property=\"article:publisher\" content=\"https:\/\/www.facebook.com\/Indic-Iniciatives-i-Din%c3%a0miques-Comunit%c3%a0ries-362170033806658\/\" \/>\n<meta property=\"article:modified_time\" content=\"2024-09-04T09:36:36+00:00\" \/>\n<meta name=\"twitter:card\" content=\"summary_large_image\" \/>\n<meta name=\"twitter:site\" content=\"@IndicSL\" \/>\n<meta name=\"twitter:label1\" content=\"Tiempo de lectura\" \/>\n\t<meta name=\"twitter:data1\" content=\"3 minutos\" \/>\n<script type=\"application\/ld+json\" class=\"yoast-schema-graph\">{\"@context\":\"https:\\\/\\\/schema.org\",\"@graph\":[{\"@type\":\"WebPage\",\"@id\":\"https:\\\/\\\/indic.cat\\\/es\\\/politica-de-cookies\\\/\",\"url\":\"https:\\\/\\\/indic.cat\\\/es\\\/politica-de-cookies\\\/\",\"name\":\"Pol\u00edtica de cookies - My CMS\",\"isPartOf\":{\"@id\":\"https:\\\/\\\/indic.cat\\\/#website\"},\"datePublished\":\"2024-01-15T09:53:02+00:00\",\"dateModified\":\"2024-09-04T09:36:36+00:00\",\"description\":\"Pol\u00edtica de cookies - Indic\",\"breadcrumb\":{\"@id\":\"https:\\\/\\\/indic.cat\\\/es\\\/politica-de-cookies\\\/#breadcrumb\"},\"inLanguage\":\"es\",\"potentialAction\":[{\"@type\":\"ReadAction\",\"target\":[\"https:\\\/\\\/indic.cat\\\/es\\\/politica-de-cookies\\\/\"]}]},{\"@type\":\"BreadcrumbList\",\"@id\":\"https:\\\/\\\/indic.cat\\\/es\\\/politica-de-cookies\\\/#breadcrumb\",\"itemListElement\":[{\"@type\":\"ListItem\",\"position\":1,\"name\":\"Inici\",\"item\":\"https:\\\/\\\/indic.cat\\\/es\\\/iniciativas-y-dinamicas-comunitarias\\\/\"},{\"@type\":\"ListItem\",\"position\":2,\"name\":\"Pol\u00edtica de cookies\"}]},{\"@type\":\"WebSite\",\"@id\":\"https:\\\/\\\/indic.cat\\\/#website\",\"url\":\"https:\\\/\\\/indic.cat\\\/\",\"name\":\"My CMS\",\"description\":\"Iniciatives i din\u00e0miques comunit\u00e0ries\",\"potentialAction\":[{\"@type\":\"SearchAction\",\"target\":{\"@type\":\"EntryPoint\",\"urlTemplate\":\"https:\\\/\\\/indic.cat\\\/?s={search_term_string}\"},\"query-input\":{\"@type\":\"PropertyValueSpecification\",\"valueRequired\":true,\"valueName\":\"search_term_string\"}}],\"inLanguage\":\"es\"}]}<\/script>\n<!-- \/ Yoast SEO plugin. -->","yoast_head_json":{"title":"Pol\u00edtica de cookies - My CMS","description":"Pol\u00edtica de cookies - Indic","robots":{"index":"index","follow":"follow","max-snippet":"max-snippet:-1","max-image-preview":"max-image-preview:large","max-video-preview":"max-video-preview:-1"},"canonical":"https:\/\/indic.cat\/es\/politica-de-cookies\/","og_locale":"es_ES","og_type":"article","og_title":"Pol\u00edtica de cookies - My CMS","og_description":"Pol\u00edtica de cookies - Indic","og_url":"https:\/\/indic.cat\/es\/politica-de-cookies\/","og_site_name":"My CMS","article_publisher":"https:\/\/www.facebook.com\/Indic-Iniciatives-i-Din%c3%a0miques-Comunit%c3%a0ries-362170033806658\/","article_modified_time":"2024-09-04T09:36:36+00:00","twitter_card":"summary_large_image","twitter_site":"@IndicSL","twitter_misc":{"Tiempo de lectura":"3 minutos"},"schema":{"@context":"https:\/\/schema.org","@graph":[{"@type":"WebPage","@id":"https:\/\/indic.cat\/es\/politica-de-cookies\/","url":"https:\/\/indic.cat\/es\/politica-de-cookies\/","name":"Pol\u00edtica de cookies - My CMS","isPartOf":{"@id":"https:\/\/indic.cat\/#website"},"datePublished":"2024-01-15T09:53:02+00:00","dateModified":"2024-09-04T09:36:36+00:00","description":"Pol\u00edtica de cookies - Indic","breadcrumb":{"@id":"https:\/\/indic.cat\/es\/politica-de-cookies\/#breadcrumb"},"inLanguage":"es","potentialAction":[{"@type":"ReadAction","target":["https:\/\/indic.cat\/es\/politica-de-cookies\/"]}]},{"@type":"BreadcrumbList","@id":"https:\/\/indic.cat\/es\/politica-de-cookies\/#breadcrumb","itemListElement":[{"@type":"ListItem","position":1,"name":"Inici","item":"https:\/\/indic.cat\/es\/iniciativas-y-dinamicas-comunitarias\/"},{"@type":"ListItem","position":2,"name":"Pol\u00edtica de cookies"}]},{"@type":"WebSite","@id":"https:\/\/indic.cat\/#website","url":"https:\/\/indic.cat\/","name":"My CMS","description":"Iniciatives i din\u00e0miques comunit\u00e0ries","potentialAction":[{"@type":"SearchAction","target":{"@type":"EntryPoint","urlTemplate":"https:\/\/indic.cat\/?s={search_term_string}"},"query-input":{"@type":"PropertyValueSpecification","valueRequired":true,"valueName":"search_term_string"}}],"inLanguage":"es"}]}},"_links":{"self":[{"href":"https:\/\/indic.cat\/es\/wp-json\/wp\/v2\/pages\/4205","targetHints":{"allow":["GET"]}}],"collection":[{"href":"https:\/\/indic.cat\/es\/wp-json\/wp\/v2\/pages"}],"about":[{"href":"https:\/\/indic.cat\/es\/wp-json\/wp\/v2\/types\/page"}],"author":[{"embeddable":true,"href":"https:\/\/indic.cat\/es\/wp-json\/wp\/v2\/users\/3"}],"replies":[{"embeddable":true,"href":"https:\/\/indic.cat\/es\/wp-json\/wp\/v2\/comments?post=4205"}],"version-history":[{"count":2,"href":"https:\/\/indic.cat\/es\/wp-json\/wp\/v2\/pages\/4205\/revisions"}],"predecessor-version":[{"id":6217,"href":"https:\/\/indic.cat\/es\/wp-json\/wp\/v2\/pages\/4205\/revisions\/6217"}],"wp:attachment":[{"href":"https:\/\/indic.cat\/es\/wp-json\/wp\/v2\/media?parent=4205"}],"curies":[{"name":"wp","href":"https:\/\/api.w.org\/{rel}","templated":true}]}}