{"id":4211,"date":"2024-01-15T11:56:14","date_gmt":"2024-01-15T09:56:14","guid":{"rendered":"https:\/\/indic.cat\/?page_id=4211"},"modified":"2024-09-04T11:37:06","modified_gmt":"2024-09-04T09:37:06","slug":"politica-de-privacidad","status":"publish","type":"page","link":"https:\/\/indic.cat\/es\/politica-de-privacidad\/","title":{"rendered":"Pol\u00edtica de privacidad"},"content":{"rendered":"<h1><\/h1>\n<h4>1. INFORMACI\u00d3N PARA EL USUARIO<\/h4>\n<p><strong>\u00bfQui\u00e9n es el responsable del tratamiento de tus datos personales?<\/strong><\/p>\n<p>INDIC INICIATIVES I DINAMIQUES COMUNITARIES SL es el RESPONSABLE del tratamiento de los datos personales del USUARIO y le informa que estos datos se tratar\u00e1n de conformidad con lo dispuesto en el Reglamento (UE) 2016\/679, de 27 de abril (GDPR), y la Ley Org\u00e1nica 3\/2018, de 5 de diciembre (LOPDGDD).<\/p>\n<p>&nbsp;<\/p>\n<p><strong>\u00bfPor qu\u00e9 tratamos tus datos personales?<\/strong><\/p>\n<p>Para mantener una relaci\u00f3n comercial con el usuario. Las operaciones previstas para realizar el tratamiento son:<\/p>\n<ul>\n<li>Remesa de comunicaciones comerciales publicitarias por e-mail, fax, SMS, MMS, redes sociales o cualquier otro medio electr\u00f3nico o f\u00edsico, presente o futuro, que permita efectuar comunicaciones comerciales. Estas comunicaciones deben realizarse por medio del RESPONSABLE y est\u00e1n relacionadas con sus productos y servicios, o con sus colaboradores o proveedores, con quienes haya llegado a alg\u00fan acuerdo de promoci\u00f3n. En este caso, los terceros nunca tendr\u00e1n acceso a las datos personales.<\/li>\n<li>Efectuar estudios de mercado y an\u00e1lisis estad\u00edsticos.<\/li>\n<li>Tramitar encargos de peticiones, dar respuesta a las consultas o cualquier tipo de petici\u00f3n que realice el USUARIO a trav\u00e9s de cualquiera de las formas de contacto que se ponen a su disposici\u00f3n en la p\u00e1gina web del RESPONSABLE.<\/li>\n<li>Enviar el bolet\u00edn informativo online, sobre novedades, ofertas y promociones en nuestra actividad.<\/li>\n<\/ul>\n<p>&nbsp;<\/p>\n<p><strong>\u00bfPor qu\u00e9 podemos tratar tus datos personales?<\/strong><\/p>\n<p>Porque el tratamiento est\u00e1 legitimado por el art\u00edculo 6 del GDPR de la siguiente manera:<\/p>\n<ul>\n<li>Con el consentimiento del USUARIO: env\u00edo de comunicaciones comerciales y del bolet\u00edn informativo.<\/li>\n<li>Por inter\u00e9s leg\u00edtimo del RESPONSABLE: efectuar estudios de mercado, an\u00e1lisis estad\u00edsticos, etc. y tramitar encargos, solicitudes, etc. a petici\u00f3n del USUARIO.<\/li>\n<\/ul>\n<p>&nbsp;<\/p>\n<p><strong>\u00bfDurante cu\u00e1nto tiempo guardaremos tus datos personales?<\/strong><\/p>\n<p>Se conservar\u00e1n durante no m\u00e1s tiempo del necesario para mantener la finalidad del tratamiento o mientras haya prescripciones legales que dictaminen su custodia y cuando ya no sea necesario para ello, se suprimir\u00e1n con medidas de seguridad adecuadas para garantizar la anonimizaci\u00f3n de los datos o su destrucci\u00f3n total.<\/p>\n<p>&nbsp;<\/p>\n<p><strong>\u00bfA qui\u00e9n facilitamos tus datos personales?<\/strong><\/p>\n<p>No est\u00e1 prevista ninguna comunicaci\u00f3n de datos personales a terceros excepto, si fuera necesario para el desarrollo y ejecuci\u00f3n de los mismos fines del tratamiento, a nuestros proveedores de servicios relacionados con comunicaciones, con los que el RESPONSABLE debe formalizado los contratos de confidencialidad y encargado de tratamiento exigidos por la normativa vigente de privacidad.<\/p>\n<p>&nbsp;<\/p>\n<p><strong>\u00bfCu\u00e1les son tus derechos?<\/strong><\/p>\n<p>Los derechos que tiene el USUARIO son:<\/p>\n<ul>\n<li>Derecho a retirar su consentimiento en cualquier momento.<\/li>\n<li>Derecho de acceso, rectificaci\u00f3n, portabilidad y supresi\u00f3n de sus datos y de limitaci\u00f3n u oposici\u00f3n a su tratamiento.<\/li>\n<li>Derecho a presentar una reclamaci\u00f3n ante la autoridad de control (www.aepd.es) si considera que el tratamiento no se ajusta a la normativa vigente.<\/li>\n<\/ul>\n<p>&nbsp;<\/p>\n<p><strong>Datos de contacto<\/strong><strong> para ejercer sus derechos:<\/strong><\/p>\n<p>INDIC INICIATIVES I DINAMIQUES COMUNITARIES SL Ronda Guinard\u00f3, 164 Bajos &#8211; 08041 BARCELONA (Barcelona). E-mail: administracio@indic.cat<\/p>\n<p>&nbsp;<\/p>\n<h4>2. CAR\u00c1CTER OBLIGATORIO O FACULTATIVO DE LA INFORMACI\u00d3N FACILITADA POR EL USUARIO<\/h4>\n<p>Los USUARIOS, por medio de las casillas correspondientes y la introducci\u00f3n de datos en los campos, marcados con el asterisco (*) en el formulario de contacto o presentados en formularios de descarga, aceptan expresamente y de forma libre e inequ\u00edvoca, que sus datos son necesarios para la atenci\u00f3n de su petici\u00f3n, por parte del prestamista, y que por tanto la inclusi\u00f3n de los datos en los campos restantes es voluntaria. EL USUARIO garantiza que los datos personales facilitados al RESPONSABLE son ver\u00eddicos y se hace responsable de comunicar cualquier modificaci\u00f3n.<\/p>\n<p>El RESPONSABLE informa que todos los datos solicitados a trav\u00e9s del sitio web son obligatorios, ya que son necesarios para la prestaci\u00f3n de un servicio \u00f3ptimo al USUARIO. En caso de que no se faciliten todos los datos, no se garantiza que la informaci\u00f3n y servicios facilitados se ajusten completamente a sus necesidades.<\/p>\n<h4><\/h4>\n<h3><\/h3>\n<h4>3. MEDIDAS DE SEGURIDAD<\/h4>\n<p>Que, de conformidad con lo que establecen las normativas vigentes en protecci\u00f3n de datos personales, el RESPONSABLE est\u00e1 cumpliendo con todas las disposiciones de las normativas GDPR y LOPDGDD para el tratamiento de los datos personales de su responsabilidad, y manifiestamente con los principios descritos en el art\u00edculo 5 del GDPR, por los que se tratan de forma l\u00edcita, leal y transparente en relaci\u00f3n con el interesado y adecuadas, pertinentes y limitadas a lo necesario en relaci\u00f3n con las finalidades para las que se tratan.<\/p>\n<p>El RESPONSABLE garantiza que ha implementado pol\u00edticas t\u00e9cnicas y organizativas apropiadas para aplicar las medidas de seguridad que establecen el GDPR y la LOPDGDD para proteger los derechos y libertades de los USUARIOS y les ha comunicado la informaci\u00f3n adecuada para que puedan ejercitarlos.<\/p>\n<p>Para m\u00e1s informaci\u00f3n sobre las garant\u00edas de privacidad, puedes dirigirte al RESPONSABLE a trav\u00e9s de INDIC INICIATIVES I DINAMIQUES COMUNITARIES SL Ronda Guinard\u00f3, 164 Bajos 08041 BARCELONA (Barcelona). E-mail: administracio@indic.cat<\/p>\n<p>&nbsp;<\/p>\n<p>&nbsp;<\/p>\n","protected":false},"excerpt":{"rendered":"<p>1. INFORMACI\u00d3N PARA EL USUARIO \u00bfQui\u00e9n es el responsable del tratamiento de tus datos personales? INDIC INICIATIVES I DINAMIQUES COMUNITARIES SL es el RESPONSABLE del tratamiento de los datos personales del USUARIO y le informa que estos datos se tratar\u00e1n de conformidad con lo dispuesto en el Reglamento (UE) 2016\/679, de 27 de abril (GDPR), [&hellip;]<\/p>\n","protected":false},"author":3,"featured_media":0,"parent":0,"menu_order":0,"comment_status":"closed","ping_status":"closed","template":"","meta":{"_acf_changed":false,"footnotes":""},"class_list":["post-4211","page","type-page","status-publish","hentry"],"acf":[],"yoast_head":"<!-- This site is optimized with the Yoast SEO plugin v27.4 - https:\/\/yoast.com\/product\/yoast-seo-wordpress\/ -->\n<title>Pol\u00edtica de privacidad - My CMS<\/title>\n<meta name=\"description\" content=\"Pol\u00edtica de privacidad - Indic\" \/>\n<meta name=\"robots\" content=\"index, follow, max-snippet:-1, max-image-preview:large, max-video-preview:-1\" \/>\n<link rel=\"canonical\" href=\"https:\/\/indic.cat\/es\/politica-de-privacidad\/\" \/>\n<meta property=\"og:locale\" content=\"es_ES\" \/>\n<meta property=\"og:type\" content=\"article\" \/>\n<meta property=\"og:title\" content=\"Pol\u00edtica de privacidad - My CMS\" \/>\n<meta property=\"og:description\" content=\"Pol\u00edtica de privacidad - Indic\" \/>\n<meta property=\"og:url\" content=\"https:\/\/indic.cat\/es\/politica-de-privacidad\/\" \/>\n<meta property=\"og:site_name\" content=\"My CMS\" \/>\n<meta property=\"article:publisher\" content=\"https:\/\/www.facebook.com\/Indic-Iniciatives-i-Din%c3%a0miques-Comunit%c3%a0ries-362170033806658\/\" \/>\n<meta property=\"article:modified_time\" content=\"2024-09-04T09:37:06+00:00\" \/>\n<meta name=\"twitter:card\" content=\"summary_large_image\" \/>\n<meta name=\"twitter:site\" content=\"@IndicSL\" \/>\n<meta name=\"twitter:label1\" content=\"Tiempo de lectura\" \/>\n\t<meta name=\"twitter:data1\" content=\"5 minutos\" \/>\n<script type=\"application\/ld+json\" class=\"yoast-schema-graph\">{\"@context\":\"https:\\\/\\\/schema.org\",\"@graph\":[{\"@type\":\"WebPage\",\"@id\":\"https:\\\/\\\/indic.cat\\\/es\\\/politica-de-privacidad\\\/\",\"url\":\"https:\\\/\\\/indic.cat\\\/es\\\/politica-de-privacidad\\\/\",\"name\":\"Pol\u00edtica de privacidad - My CMS\",\"isPartOf\":{\"@id\":\"https:\\\/\\\/indic.cat\\\/#website\"},\"datePublished\":\"2024-01-15T09:56:14+00:00\",\"dateModified\":\"2024-09-04T09:37:06+00:00\",\"description\":\"Pol\u00edtica de privacidad - Indic\",\"breadcrumb\":{\"@id\":\"https:\\\/\\\/indic.cat\\\/es\\\/politica-de-privacidad\\\/#breadcrumb\"},\"inLanguage\":\"es\",\"potentialAction\":[{\"@type\":\"ReadAction\",\"target\":[\"https:\\\/\\\/indic.cat\\\/es\\\/politica-de-privacidad\\\/\"]}]},{\"@type\":\"BreadcrumbList\",\"@id\":\"https:\\\/\\\/indic.cat\\\/es\\\/politica-de-privacidad\\\/#breadcrumb\",\"itemListElement\":[{\"@type\":\"ListItem\",\"position\":1,\"name\":\"Inici\",\"item\":\"https:\\\/\\\/indic.cat\\\/es\\\/iniciativas-y-dinamicas-comunitarias\\\/\"},{\"@type\":\"ListItem\",\"position\":2,\"name\":\"Pol\u00edtica de privacidad\"}]},{\"@type\":\"WebSite\",\"@id\":\"https:\\\/\\\/indic.cat\\\/#website\",\"url\":\"https:\\\/\\\/indic.cat\\\/\",\"name\":\"My CMS\",\"description\":\"Iniciatives i din\u00e0miques comunit\u00e0ries\",\"potentialAction\":[{\"@type\":\"SearchAction\",\"target\":{\"@type\":\"EntryPoint\",\"urlTemplate\":\"https:\\\/\\\/indic.cat\\\/?s={search_term_string}\"},\"query-input\":{\"@type\":\"PropertyValueSpecification\",\"valueRequired\":true,\"valueName\":\"search_term_string\"}}],\"inLanguage\":\"es\"}]}<\/script>\n<!-- \/ Yoast SEO plugin. -->","yoast_head_json":{"title":"Pol\u00edtica de privacidad - My CMS","description":"Pol\u00edtica de privacidad - Indic","robots":{"index":"index","follow":"follow","max-snippet":"max-snippet:-1","max-image-preview":"max-image-preview:large","max-video-preview":"max-video-preview:-1"},"canonical":"https:\/\/indic.cat\/es\/politica-de-privacidad\/","og_locale":"es_ES","og_type":"article","og_title":"Pol\u00edtica de privacidad - My CMS","og_description":"Pol\u00edtica de privacidad - Indic","og_url":"https:\/\/indic.cat\/es\/politica-de-privacidad\/","og_site_name":"My CMS","article_publisher":"https:\/\/www.facebook.com\/Indic-Iniciatives-i-Din%c3%a0miques-Comunit%c3%a0ries-362170033806658\/","article_modified_time":"2024-09-04T09:37:06+00:00","twitter_card":"summary_large_image","twitter_site":"@IndicSL","twitter_misc":{"Tiempo de lectura":"5 minutos"},"schema":{"@context":"https:\/\/schema.org","@graph":[{"@type":"WebPage","@id":"https:\/\/indic.cat\/es\/politica-de-privacidad\/","url":"https:\/\/indic.cat\/es\/politica-de-privacidad\/","name":"Pol\u00edtica de privacidad - My CMS","isPartOf":{"@id":"https:\/\/indic.cat\/#website"},"datePublished":"2024-01-15T09:56:14+00:00","dateModified":"2024-09-04T09:37:06+00:00","description":"Pol\u00edtica de privacidad - Indic","breadcrumb":{"@id":"https:\/\/indic.cat\/es\/politica-de-privacidad\/#breadcrumb"},"inLanguage":"es","potentialAction":[{"@type":"ReadAction","target":["https:\/\/indic.cat\/es\/politica-de-privacidad\/"]}]},{"@type":"BreadcrumbList","@id":"https:\/\/indic.cat\/es\/politica-de-privacidad\/#breadcrumb","itemListElement":[{"@type":"ListItem","position":1,"name":"Inici","item":"https:\/\/indic.cat\/es\/iniciativas-y-dinamicas-comunitarias\/"},{"@type":"ListItem","position":2,"name":"Pol\u00edtica de privacidad"}]},{"@type":"WebSite","@id":"https:\/\/indic.cat\/#website","url":"https:\/\/indic.cat\/","name":"My CMS","description":"Iniciatives i din\u00e0miques comunit\u00e0ries","potentialAction":[{"@type":"SearchAction","target":{"@type":"EntryPoint","urlTemplate":"https:\/\/indic.cat\/?s={search_term_string}"},"query-input":{"@type":"PropertyValueSpecification","valueRequired":true,"valueName":"search_term_string"}}],"inLanguage":"es"}]}},"_links":{"self":[{"href":"https:\/\/indic.cat\/es\/wp-json\/wp\/v2\/pages\/4211","targetHints":{"allow":["GET"]}}],"collection":[{"href":"https:\/\/indic.cat\/es\/wp-json\/wp\/v2\/pages"}],"about":[{"href":"https:\/\/indic.cat\/es\/wp-json\/wp\/v2\/types\/page"}],"author":[{"embeddable":true,"href":"https:\/\/indic.cat\/es\/wp-json\/wp\/v2\/users\/3"}],"replies":[{"embeddable":true,"href":"https:\/\/indic.cat\/es\/wp-json\/wp\/v2\/comments?post=4211"}],"version-history":[{"count":5,"href":"https:\/\/indic.cat\/es\/wp-json\/wp\/v2\/pages\/4211\/revisions"}],"predecessor-version":[{"id":5841,"href":"https:\/\/indic.cat\/es\/wp-json\/wp\/v2\/pages\/4211\/revisions\/5841"}],"wp:attachment":[{"href":"https:\/\/indic.cat\/es\/wp-json\/wp\/v2\/media?parent=4211"}],"curies":[{"name":"wp","href":"https:\/\/api.w.org\/{rel}","templated":true}]}}