{"id":5590,"date":"2017-04-23T23:38:58","date_gmt":"2017-04-23T21:38:58","guid":{"rendered":"http:\/\/indic.cat\/ambitos-de-trabajo-2\/"},"modified":"2024-09-04T11:39:44","modified_gmt":"2024-09-04T09:39:44","slug":"ambitos-de-trabajo","status":"publish","type":"page","link":"https:\/\/indic.cat\/es\/ambitos-de-trabajo\/","title":{"rendered":"\u00c1mbitos de trabajo"},"content":{"rendered":"\t\t<div data-elementor-type=\"wp-page\" data-elementor-id=\"5590\" class=\"elementor elementor-5590 elementor-70\" data-elementor-post-type=\"page\">\n\t\t\t\t<div class=\"elementor-element elementor-element-37df8b1f e-flex e-con-boxed e-con e-parent\" data-id=\"37df8b1f\" data-element_type=\"container\" data-e-type=\"container\" data-settings=\"{&quot;background_background&quot;:&quot;classic&quot;}\">\n\t\t\t\t\t<div class=\"e-con-inner\">\n\t\t<div class=\"elementor-element elementor-element-46052a29 e-flex e-con-boxed e-con e-child\" data-id=\"46052a29\" data-element_type=\"container\" data-e-type=\"container\">\n\t\t\t\t\t<div class=\"e-con-inner\">\n\t\t\t\t<div class=\"elementor-element elementor-element-7832329 elementor-widget__width-auto elementor-widget elementor-widget-heading\" data-id=\"7832329\" data-element_type=\"widget\" data-e-type=\"widget\" data-widget_type=\"heading.default\">\n\t\t\t\t<div class=\"elementor-widget-container\">\n\t\t\t\t\t<span class=\"elementor-heading-title elementor-size-default\"><a href=\"https:\/\/indic.cat\/es\/?p=5191\">Inicio<\/a><\/span>\t\t\t\t<\/div>\n\t\t\t\t<\/div>\n\t\t\t\t<div class=\"elementor-element elementor-element-682b4897 elementor-widget__width-auto elementor-widget elementor-widget-heading\" data-id=\"682b4897\" data-element_type=\"widget\" data-e-type=\"widget\" data-widget_type=\"heading.default\">\n\t\t\t\t<div class=\"elementor-widget-container\">\n\t\t\t\t\t<span class=\"elementor-heading-title elementor-size-default\"><a href=\"https:\/\/indic.cat\/es\/?p=5191\"> &gt; <\/a><\/span>\t\t\t\t<\/div>\n\t\t\t\t<\/div>\n\t\t\t\t\t<\/div>\n\t\t\t\t<\/div>\n\t\t\t\t<div class=\"elementor-element elementor-element-7917f61 elementor-widget elementor-widget-heading\" data-id=\"7917f61\" data-element_type=\"widget\" data-e-type=\"widget\" data-widget_type=\"heading.default\">\n\t\t\t\t<div class=\"elementor-widget-container\">\n\t\t\t\t\t<h2 class=\"elementor-heading-title elementor-size-default\">\u00c1mbitos en los que trabajamos<\/h2>\t\t\t\t<\/div>\n\t\t\t\t<\/div>\n\t\t\t\t<div class=\"elementor-element elementor-element-42979df elementor-widget elementor-widget-heading\" data-id=\"42979df\" data-element_type=\"widget\" data-e-type=\"widget\" data-widget_type=\"heading.default\">\n\t\t\t\t<div class=\"elementor-widget-container\">\n\t\t\t\t\t<h2 class=\"elementor-heading-title elementor-size-default\">Dise\u00f1amos e implementamos metodolog\u00edas participativas en \u00e1mbitos muy diversos<\/h2>\t\t\t\t<\/div>\n\t\t\t\t<\/div>\n\t\t\t\t\t<\/div>\n\t\t\t\t<\/div>\n\t\t<div class=\"elementor-element elementor-element-43d9850d e-flex e-con-boxed e-con e-parent\" data-id=\"43d9850d\" data-element_type=\"container\" data-e-type=\"container\">\n\t\t\t\t\t<div class=\"e-con-inner\">\n\t\t<div class=\"elementor-element elementor-element-39a57d9a e-con-full e-flex e-con e-child\" data-id=\"39a57d9a\" data-element_type=\"container\" data-e-type=\"container\">\n\t\t\t\t<div class=\"elementor-element elementor-element-25615b32 elementor-grid-3 elementor-grid-tablet-2 elementor-grid-mobile-1 elementor-widget elementor-widget-loop-grid\" data-id=\"25615b32\" data-element_type=\"widget\" data-e-type=\"widget\" data-settings=\"{&quot;template_id&quot;:5610,&quot;row_gap&quot;:{&quot;unit&quot;:&quot;px&quot;,&quot;size&quot;:3,&quot;sizes&quot;:[]},&quot;row_gap_mobile&quot;:{&quot;unit&quot;:&quot;px&quot;,&quot;size&quot;:29,&quot;sizes&quot;:[]},&quot;_skin&quot;:&quot;post&quot;,&quot;columns&quot;:&quot;3&quot;,&quot;columns_tablet&quot;:&quot;2&quot;,&quot;columns_mobile&quot;:&quot;1&quot;,&quot;edit_handle_selector&quot;:&quot;[data-elementor-type=\\&quot;loop-item\\&quot;]&quot;,&quot;row_gap_tablet&quot;:{&quot;unit&quot;:&quot;px&quot;,&quot;size&quot;:&quot;&quot;,&quot;sizes&quot;:[]}}\" data-widget_type=\"loop-grid.post\">\n\t\t\t\t<div class=\"elementor-widget-container\">\n\t\t\t\t\t\t\t<div class=\"elementor-loop-container elementor-grid\" role=\"list\">\n\t\t<style id=\"loop-dynamic-5610\">.e-loop-item-4666 .elementor-element.elementor-element-0447174:not(.elementor-motion-effects-element-type-background), .e-loop-item-4666 .elementor-element.elementor-element-0447174 > .elementor-motion-effects-container > .elementor-motion-effects-layer{background-image:url(\"https:\/\/indic.cat\/wp-content\/uploads\/2017\/07\/INDIC-Jornada-Martorell-06-04-17-39.jpg\");}<\/style><style id=\"loop-5610\">.elementor-5610 .elementor-element.elementor-element-0447174{--display:flex;--min-height:16vw;--flex-direction:column;--container-widget-width:100%;--container-widget-height:initial;--container-widget-flex-grow:0;--container-widget-align-self:initial;--flex-wrap-mobile:wrap;--justify-content:flex-end;--gap:0px 0px;--row-gap:0px;--column-gap:0px;border-style:solid;--border-style:solid;border-width:0px 0px 2px 0px;--border-top-width:0px;--border-right-width:0px;--border-bottom-width:2px;--border-left-width:0px;border-color:#FF7900;--border-color:#FF7900;--margin-top:0px;--margin-bottom:0px;--margin-left:0px;--margin-right:0px;--padding-top:0px;--padding-bottom:0px;--padding-left:0px;--padding-right:0px;}.elementor-5610 .elementor-element.elementor-element-0447174:not(.elementor-motion-effects-element-type-background), .elementor-5610 .elementor-element.elementor-element-0447174 > .elementor-motion-effects-container > .elementor-motion-effects-layer{background-position:center center;background-repeat:no-repeat;background-size:cover;}.elementor-5610 .elementor-element.elementor-element-e9afb5c{--display:flex;--margin-top:0%;--margin-bottom:0%;--margin-left:12%;--margin-right:12%;--padding-top:20px;--padding-bottom:20px;--padding-left:20px;--padding-right:20px;}.elementor-5610 .elementor-element.elementor-element-e9afb5c:not(.elementor-motion-effects-element-type-background), .elementor-5610 .elementor-element.elementor-element-e9afb5c > .elementor-motion-effects-container > .elementor-motion-effects-layer{background-color:#FFFFFF;}.elementor-widget-heading .elementor-heading-title{font-family:var( --e-global-typography-primary-font-family ), Sans-serif;font-weight:var( --e-global-typography-primary-font-weight );color:var( --e-global-color-primary );}.elementor-5610 .elementor-element.elementor-element-26b576f{text-align:center;}.elementor-5610 .elementor-element.elementor-element-26b576f .elementor-heading-title{font-family:\"Roboto\", Sans-serif;font-size:20px;font-weight:400;line-height:20px;color:#363636;}@media(min-width:768px){.elementor-5610 .elementor-element.elementor-element-e9afb5c{--width:76%;}}@media(max-width:767px){.elementor-5610 .elementor-element.elementor-element-0447174{--min-height:60vw;--padding-top:0px;--padding-bottom:0px;--padding-left:20px;--padding-right:20px;}.elementor-5610 .elementor-element.elementor-element-e9afb5c{--width:80%;--margin-top:0%;--margin-bottom:0%;--margin-left:10%;--margin-right:10%;--padding-top:20px;--padding-bottom:20px;--padding-left:20px;--padding-right:20px;}.elementor-5610 .elementor-element.elementor-element-26b576f .elementor-heading-title{font-size:18px;line-height:18px;}}<\/style>\t\t<div data-elementor-type=\"loop-item\" data-elementor-id=\"5610\" class=\"elementor elementor-5610 elementor-4688 e-loop-item e-loop-item-4666 post-4666 ambit type-ambit status-publish has-post-thumbnail hentry\" data-elementor-post-type=\"elementor_library\" data-custom-edit-handle=\"1\">\n\t\t\t<div class=\"elementor-element elementor-element-0447174 e-con-full e-flex e-con e-parent\" data-id=\"0447174\" data-element_type=\"container\" data-e-type=\"container\" data-settings=\"{&quot;background_background&quot;:&quot;classic&quot;}\">\n\t\t<div class=\"elementor-element elementor-element-e9afb5c e-con-full e-flex e-con e-child\" data-id=\"e9afb5c\" data-element_type=\"container\" data-e-type=\"container\" data-settings=\"{&quot;background_background&quot;:&quot;classic&quot;}\">\n\t\t\t\t<div class=\"elementor-element elementor-element-26b576f mouseOver elementor-widget elementor-widget-heading\" data-id=\"26b576f\" data-element_type=\"widget\" data-e-type=\"widget\" data-widget_type=\"heading.default\">\n\t\t\t\t<div class=\"elementor-widget-container\">\n\t\t\t\t\t<h2 class=\"elementor-heading-title elementor-size-default\"><a href=\"https:\/\/indic.cat\/es\/ambit\/equipos-de-trabajo-y-organizacion\/\">Equipos de trabajo y organizaci\u00f3n<\/a><\/h2>\t\t\t\t<\/div>\n\t\t\t\t<\/div>\n\t\t\t\t<\/div>\n\t\t\t\t<\/div>\n\t\t\t\t<\/div>\n\t\t<style id=\"loop-dynamic-5610\">.e-loop-item-4667 .elementor-element.elementor-element-0447174:not(.elementor-motion-effects-element-type-background), .e-loop-item-4667 .elementor-element.elementor-element-0447174 > .elementor-motion-effects-container > .elementor-motion-effects-layer{background-image:url(\"https:\/\/indic.cat\/wp-content\/uploads\/2017\/04\/ambits-4.jpg\");}<\/style>\t\t<div data-elementor-type=\"loop-item\" data-elementor-id=\"5610\" class=\"elementor elementor-5610 elementor-4688 e-loop-item e-loop-item-4667 post-4667 ambit type-ambit status-publish has-post-thumbnail hentry\" data-elementor-post-type=\"elementor_library\" data-custom-edit-handle=\"1\">\n\t\t\t<div class=\"elementor-element elementor-element-0447174 e-con-full e-flex e-con e-parent\" data-id=\"0447174\" data-element_type=\"container\" data-e-type=\"container\" data-settings=\"{&quot;background_background&quot;:&quot;classic&quot;}\">\n\t\t<div class=\"elementor-element elementor-element-e9afb5c e-con-full e-flex e-con e-child\" data-id=\"e9afb5c\" data-element_type=\"container\" data-e-type=\"container\" data-settings=\"{&quot;background_background&quot;:&quot;classic&quot;}\">\n\t\t\t\t<div class=\"elementor-element elementor-element-26b576f mouseOver elementor-widget elementor-widget-heading\" data-id=\"26b576f\" data-element_type=\"widget\" data-e-type=\"widget\" data-widget_type=\"heading.default\">\n\t\t\t\t<div class=\"elementor-widget-container\">\n\t\t\t\t\t<h2 class=\"elementor-heading-title elementor-size-default\"><a href=\"https:\/\/indic.cat\/es\/ambit\/participacion-y-trabajo-comunitario\/\">Participaci\u00f3n y trabajo comunitario<\/a><\/h2>\t\t\t\t<\/div>\n\t\t\t\t<\/div>\n\t\t\t\t<\/div>\n\t\t\t\t<\/div>\n\t\t\t\t<\/div>\n\t\t<style id=\"loop-dynamic-5610\">.e-loop-item-4668 .elementor-element.elementor-element-0447174:not(.elementor-motion-effects-element-type-background), .e-loop-item-4668 .elementor-element.elementor-element-0447174 > .elementor-motion-effects-container > .elementor-motion-effects-layer{background-image:url(\"https:\/\/indic.cat\/wp-content\/uploads\/2017\/04\/actualitat-1.jpg\");}<\/style>\t\t<div data-elementor-type=\"loop-item\" data-elementor-id=\"5610\" class=\"elementor elementor-5610 elementor-4688 e-loop-item e-loop-item-4668 post-4668 ambit type-ambit status-publish has-post-thumbnail hentry\" data-elementor-post-type=\"elementor_library\" data-custom-edit-handle=\"1\">\n\t\t\t<div class=\"elementor-element elementor-element-0447174 e-con-full e-flex e-con e-parent\" data-id=\"0447174\" data-element_type=\"container\" data-e-type=\"container\" data-settings=\"{&quot;background_background&quot;:&quot;classic&quot;}\">\n\t\t<div class=\"elementor-element elementor-element-e9afb5c e-con-full e-flex e-con e-child\" data-id=\"e9afb5c\" data-element_type=\"container\" data-e-type=\"container\" data-settings=\"{&quot;background_background&quot;:&quot;classic&quot;}\">\n\t\t\t\t<div class=\"elementor-element elementor-element-26b576f mouseOver elementor-widget elementor-widget-heading\" data-id=\"26b576f\" data-element_type=\"widget\" data-e-type=\"widget\" data-widget_type=\"heading.default\">\n\t\t\t\t<div class=\"elementor-widget-container\">\n\t\t\t\t\t<h2 class=\"elementor-heading-title elementor-size-default\"><a href=\"https:\/\/indic.cat\/es\/ambit\/ocio-y-educacion-2\/\">Ocio y educaci\u00f3n<\/a><\/h2>\t\t\t\t<\/div>\n\t\t\t\t<\/div>\n\t\t\t\t<\/div>\n\t\t\t\t<\/div>\n\t\t\t\t<\/div>\n\t\t<style id=\"loop-dynamic-5610\">.e-loop-item-4684 .elementor-element.elementor-element-0447174:not(.elementor-motion-effects-element-type-background), .e-loop-item-4684 .elementor-element.elementor-element-0447174 > .elementor-motion-effects-container > .elementor-motion-effects-layer{background-image:url(\"https:\/\/indic.cat\/wp-content\/uploads\/2017\/04\/distribuidora-A-4.jpg\");}<\/style>\t\t<div data-elementor-type=\"loop-item\" data-elementor-id=\"5610\" class=\"elementor elementor-5610 elementor-4688 e-loop-item e-loop-item-4684 post-4684 ambit type-ambit status-publish has-post-thumbnail hentry\" data-elementor-post-type=\"elementor_library\" data-custom-edit-handle=\"1\">\n\t\t\t<div class=\"elementor-element elementor-element-0447174 e-con-full e-flex e-con e-parent\" data-id=\"0447174\" data-element_type=\"container\" data-e-type=\"container\" data-settings=\"{&quot;background_background&quot;:&quot;classic&quot;}\">\n\t\t<div class=\"elementor-element elementor-element-e9afb5c e-con-full e-flex e-con e-child\" data-id=\"e9afb5c\" data-element_type=\"container\" data-e-type=\"container\" data-settings=\"{&quot;background_background&quot;:&quot;classic&quot;}\">\n\t\t\t\t<div class=\"elementor-element elementor-element-26b576f mouseOver elementor-widget elementor-widget-heading\" data-id=\"26b576f\" data-element_type=\"widget\" data-e-type=\"widget\" data-widget_type=\"heading.default\">\n\t\t\t\t<div class=\"elementor-widget-container\">\n\t\t\t\t\t<h2 class=\"elementor-heading-title elementor-size-default\"><a href=\"https:\/\/indic.cat\/es\/ambit\/bienestar-social-y-salud\/\">Bienestar social y salud<\/a><\/h2>\t\t\t\t<\/div>\n\t\t\t\t<\/div>\n\t\t\t\t<\/div>\n\t\t\t\t<\/div>\n\t\t\t\t<\/div>\n\t\t<style id=\"loop-dynamic-5610\">.e-loop-item-4669 .elementor-element.elementor-element-0447174:not(.elementor-motion-effects-element-type-background), .e-loop-item-4669 .elementor-element.elementor-element-0447174 > .elementor-motion-effects-container > .elementor-motion-effects-layer{background-image:url(\"https:\/\/indic.cat\/wp-content\/uploads\/2017\/04\/ambits-3.jpg\");}<\/style>\t\t<div data-elementor-type=\"loop-item\" data-elementor-id=\"5610\" class=\"elementor elementor-5610 elementor-4688 e-loop-item e-loop-item-4669 post-4669 ambit type-ambit status-publish has-post-thumbnail hentry\" data-elementor-post-type=\"elementor_library\" data-custom-edit-handle=\"1\">\n\t\t\t<div class=\"elementor-element elementor-element-0447174 e-con-full e-flex e-con e-parent\" data-id=\"0447174\" data-element_type=\"container\" data-e-type=\"container\" data-settings=\"{&quot;background_background&quot;:&quot;classic&quot;}\">\n\t\t<div class=\"elementor-element elementor-element-e9afb5c e-con-full e-flex e-con e-child\" data-id=\"e9afb5c\" data-element_type=\"container\" data-e-type=\"container\" data-settings=\"{&quot;background_background&quot;:&quot;classic&quot;}\">\n\t\t\t\t<div class=\"elementor-element elementor-element-26b576f mouseOver elementor-widget elementor-widget-heading\" data-id=\"26b576f\" data-element_type=\"widget\" data-e-type=\"widget\" data-widget_type=\"heading.default\">\n\t\t\t\t<div class=\"elementor-widget-container\">\n\t\t\t\t\t<h2 class=\"elementor-heading-title elementor-size-default\"><a href=\"https:\/\/indic.cat\/es\/ambit\/movilidad-espacio-publico-y-urbanismo-2\/\">Movilidad, espacio p\u00fablico y urbanismo<\/a><\/h2>\t\t\t\t<\/div>\n\t\t\t\t<\/div>\n\t\t\t\t<\/div>\n\t\t\t\t<\/div>\n\t\t\t\t<\/div>\n\t\t<style id=\"loop-dynamic-5610\">.e-loop-item-4670 .elementor-element.elementor-element-0447174:not(.elementor-motion-effects-element-type-background), .e-loop-item-4670 .elementor-element.elementor-element-0447174 > .elementor-motion-effects-container > .elementor-motion-effects-layer{background-image:url(\"https:\/\/indic.cat\/wp-content\/uploads\/2017\/07\/20161115_100637.jpg\");}<\/style>\t\t<div data-elementor-type=\"loop-item\" data-elementor-id=\"5610\" class=\"elementor elementor-5610 elementor-4688 e-loop-item e-loop-item-4670 post-4670 ambit type-ambit status-publish has-post-thumbnail hentry\" data-elementor-post-type=\"elementor_library\" data-custom-edit-handle=\"1\">\n\t\t\t<div class=\"elementor-element elementor-element-0447174 e-con-full e-flex e-con e-parent\" data-id=\"0447174\" data-element_type=\"container\" data-e-type=\"container\" data-settings=\"{&quot;background_background&quot;:&quot;classic&quot;}\">\n\t\t<div class=\"elementor-element elementor-element-e9afb5c e-con-full e-flex e-con e-child\" data-id=\"e9afb5c\" data-element_type=\"container\" data-e-type=\"container\" data-settings=\"{&quot;background_background&quot;:&quot;classic&quot;}\">\n\t\t\t\t<div class=\"elementor-element elementor-element-26b576f mouseOver elementor-widget elementor-widget-heading\" data-id=\"26b576f\" data-element_type=\"widget\" data-e-type=\"widget\" data-widget_type=\"heading.default\">\n\t\t\t\t<div class=\"elementor-widget-container\">\n\t\t\t\t\t<h2 class=\"elementor-heading-title elementor-size-default\"><a href=\"https:\/\/indic.cat\/es\/ambit\/infancia-y-juventud-2\/\">Infancia y juventud<\/a><\/h2>\t\t\t\t<\/div>\n\t\t\t\t<\/div>\n\t\t\t\t<\/div>\n\t\t\t\t<\/div>\n\t\t\t\t<\/div>\n\t\t\t\t<\/div>\n\t\t\n\t\t\t\t\t\t<\/div>\n\t\t\t\t<\/div>\n\t\t\t\t<\/div>\n\t\t\t\t\t<\/div>\n\t\t\t\t<\/div>\n\t\t\t\t<\/div>\n\t\t","protected":false},"excerpt":{"rendered":"<p>Inicio &gt; \u00c1mbitos en los que trabajamos Dise\u00f1amos e implementamos metodolog\u00edas participativas en \u00e1mbitos muy diversos<\/p>\n","protected":false},"author":2,"featured_media":0,"parent":0,"menu_order":40,"comment_status":"closed","ping_status":"closed","template":"","meta":{"_acf_changed":false,"footnotes":""},"class_list":["post-5590","page","type-page","status-publish","hentry"],"acf":[],"yoast_head":"<!-- This site is optimized with the Yoast SEO plugin v27.3 - https:\/\/yoast.com\/product\/yoast-seo-wordpress\/ -->\n<title>\u00c1mbitos de trabajo - My CMS<\/title>\n<meta name=\"description\" content=\"\u00c1mbitos de trabajo - Indic\" \/>\n<meta name=\"robots\" content=\"index, follow, max-snippet:-1, max-image-preview:large, max-video-preview:-1\" \/>\n<link rel=\"canonical\" href=\"https:\/\/indic.cat\/es\/ambitos-de-trabajo\/\" \/>\n<meta property=\"og:locale\" content=\"es_ES\" \/>\n<meta property=\"og:type\" content=\"article\" \/>\n<meta property=\"og:title\" content=\"\u00c1mbitos de trabajo - My CMS\" \/>\n<meta property=\"og:description\" content=\"\u00c1mbitos de trabajo - Indic\" \/>\n<meta property=\"og:url\" content=\"https:\/\/indic.cat\/es\/ambitos-de-trabajo\/\" \/>\n<meta property=\"og:site_name\" content=\"My CMS\" \/>\n<meta property=\"article:publisher\" content=\"https:\/\/www.facebook.com\/Indic-Iniciatives-i-Din%c3%a0miques-Comunit%c3%a0ries-362170033806658\/\" \/>\n<meta property=\"article:modified_time\" content=\"2024-09-04T09:39:44+00:00\" \/>\n<meta name=\"twitter:card\" content=\"summary_large_image\" \/>\n<meta name=\"twitter:site\" content=\"@IndicSL\" \/>\n<meta name=\"twitter:label1\" content=\"Tiempo de lectura\" \/>\n\t<meta name=\"twitter:data1\" content=\"1 minuto\" \/>\n<script type=\"application\/ld+json\" class=\"yoast-schema-graph\">{\"@context\":\"https:\\\/\\\/schema.org\",\"@graph\":[{\"@type\":\"WebPage\",\"@id\":\"https:\\\/\\\/indic.cat\\\/es\\\/ambitos-de-trabajo\\\/\",\"url\":\"https:\\\/\\\/indic.cat\\\/es\\\/ambitos-de-trabajo\\\/\",\"name\":\"\u00c1mbitos de trabajo - My CMS\",\"isPartOf\":{\"@id\":\"https:\\\/\\\/indic.cat\\\/#website\"},\"datePublished\":\"2017-04-23T21:38:58+00:00\",\"dateModified\":\"2024-09-04T09:39:44+00:00\",\"description\":\"\u00c1mbitos de trabajo - Indic\",\"breadcrumb\":{\"@id\":\"https:\\\/\\\/indic.cat\\\/es\\\/ambitos-de-trabajo\\\/#breadcrumb\"},\"inLanguage\":\"es\",\"potentialAction\":[{\"@type\":\"ReadAction\",\"target\":[\"https:\\\/\\\/indic.cat\\\/es\\\/ambitos-de-trabajo\\\/\"]}]},{\"@type\":\"BreadcrumbList\",\"@id\":\"https:\\\/\\\/indic.cat\\\/es\\\/ambitos-de-trabajo\\\/#breadcrumb\",\"itemListElement\":[{\"@type\":\"ListItem\",\"position\":1,\"name\":\"Inici\",\"item\":\"https:\\\/\\\/indic.cat\\\/es\\\/iniciativas-y-dinamicas-comunitarias\\\/\"},{\"@type\":\"ListItem\",\"position\":2,\"name\":\"\u00c1mbitos de trabajo\"}]},{\"@type\":\"WebSite\",\"@id\":\"https:\\\/\\\/indic.cat\\\/#website\",\"url\":\"https:\\\/\\\/indic.cat\\\/\",\"name\":\"My CMS\",\"description\":\"Iniciatives i din\u00e0miques comunit\u00e0ries\",\"potentialAction\":[{\"@type\":\"SearchAction\",\"target\":{\"@type\":\"EntryPoint\",\"urlTemplate\":\"https:\\\/\\\/indic.cat\\\/?s={search_term_string}\"},\"query-input\":{\"@type\":\"PropertyValueSpecification\",\"valueRequired\":true,\"valueName\":\"search_term_string\"}}],\"inLanguage\":\"es\"}]}<\/script>\n<!-- \/ Yoast SEO plugin. -->","yoast_head_json":{"title":"\u00c1mbitos de trabajo - My CMS","description":"\u00c1mbitos de trabajo - Indic","robots":{"index":"index","follow":"follow","max-snippet":"max-snippet:-1","max-image-preview":"max-image-preview:large","max-video-preview":"max-video-preview:-1"},"canonical":"https:\/\/indic.cat\/es\/ambitos-de-trabajo\/","og_locale":"es_ES","og_type":"article","og_title":"\u00c1mbitos de trabajo - My CMS","og_description":"\u00c1mbitos de trabajo - Indic","og_url":"https:\/\/indic.cat\/es\/ambitos-de-trabajo\/","og_site_name":"My CMS","article_publisher":"https:\/\/www.facebook.com\/Indic-Iniciatives-i-Din%c3%a0miques-Comunit%c3%a0ries-362170033806658\/","article_modified_time":"2024-09-04T09:39:44+00:00","twitter_card":"summary_large_image","twitter_site":"@IndicSL","twitter_misc":{"Tiempo de lectura":"1 minuto"},"schema":{"@context":"https:\/\/schema.org","@graph":[{"@type":"WebPage","@id":"https:\/\/indic.cat\/es\/ambitos-de-trabajo\/","url":"https:\/\/indic.cat\/es\/ambitos-de-trabajo\/","name":"\u00c1mbitos de trabajo - My CMS","isPartOf":{"@id":"https:\/\/indic.cat\/#website"},"datePublished":"2017-04-23T21:38:58+00:00","dateModified":"2024-09-04T09:39:44+00:00","description":"\u00c1mbitos de trabajo - Indic","breadcrumb":{"@id":"https:\/\/indic.cat\/es\/ambitos-de-trabajo\/#breadcrumb"},"inLanguage":"es","potentialAction":[{"@type":"ReadAction","target":["https:\/\/indic.cat\/es\/ambitos-de-trabajo\/"]}]},{"@type":"BreadcrumbList","@id":"https:\/\/indic.cat\/es\/ambitos-de-trabajo\/#breadcrumb","itemListElement":[{"@type":"ListItem","position":1,"name":"Inici","item":"https:\/\/indic.cat\/es\/iniciativas-y-dinamicas-comunitarias\/"},{"@type":"ListItem","position":2,"name":"\u00c1mbitos de trabajo"}]},{"@type":"WebSite","@id":"https:\/\/indic.cat\/#website","url":"https:\/\/indic.cat\/","name":"My CMS","description":"Iniciatives i din\u00e0miques comunit\u00e0ries","potentialAction":[{"@type":"SearchAction","target":{"@type":"EntryPoint","urlTemplate":"https:\/\/indic.cat\/?s={search_term_string}"},"query-input":{"@type":"PropertyValueSpecification","valueRequired":true,"valueName":"search_term_string"}}],"inLanguage":"es"}]}},"_links":{"self":[{"href":"https:\/\/indic.cat\/es\/wp-json\/wp\/v2\/pages\/5590","targetHints":{"allow":["GET"]}}],"collection":[{"href":"https:\/\/indic.cat\/es\/wp-json\/wp\/v2\/pages"}],"about":[{"href":"https:\/\/indic.cat\/es\/wp-json\/wp\/v2\/types\/page"}],"author":[{"embeddable":true,"href":"https:\/\/indic.cat\/es\/wp-json\/wp\/v2\/users\/2"}],"replies":[{"embeddable":true,"href":"https:\/\/indic.cat\/es\/wp-json\/wp\/v2\/comments?post=5590"}],"version-history":[{"count":9,"href":"https:\/\/indic.cat\/es\/wp-json\/wp\/v2\/pages\/5590\/revisions"}],"predecessor-version":[{"id":6223,"href":"https:\/\/indic.cat\/es\/wp-json\/wp\/v2\/pages\/5590\/revisions\/6223"}],"wp:attachment":[{"href":"https:\/\/indic.cat\/es\/wp-json\/wp\/v2\/media?parent=5590"}],"curies":[{"name":"wp","href":"https:\/\/api.w.org\/{rel}","templated":true}]}}